{"id":18452,"date":"2025-09-05T14:41:11","date_gmt":"2025-09-05T12:41:11","guid":{"rendered":"https:\/\/maricacouture.com\/?post_type=product&#038;p=18452"},"modified":"2026-01-12T15:05:28","modified_gmt":"2026-01-12T14:05:28","slug":"alenya-dress","status":"publish","type":"product","link":"https:\/\/maricacouture.com\/en\/product\/alenya-dress\/","title":{"rendered":"Alenya Dress"},"content":{"rendered":"<p>Dress with Strings at the back, no zipper.<\/p>","protected":false},"excerpt":{"rendered":"<p>Please check the size chart<\/p>","protected":false},"featured_media":18512,"template":"","meta":[],"product_brand":[],"product_cat":[92],"product_tag":[],"class_list":{"0":"post-18452","1":"product","2":"type-product","3":"status-publish","4":"has-post-thumbnail","6":"product_cat-abendkleider","7":"pa_farbe-blau","8":"pa_farbe-gruen","10":"first","11":"instock","12":"sale","13":"purchasable","14":"product-type-variable"},"yoast_head":"<!-- This site is optimized with the Yoast SEO plugin v27.4 - https:\/\/yoast.com\/product\/yoast-seo-wordpress\/ -->\n<title>Alenya Dress | Maricacouture<\/title>\n<meta name=\"description\" content=\"Ein sch\u00f6nes Abendkleid mit extra Handschuhe. \u00dcberzeuge dich selbst von der Qualit\u00e4t von Marica Couture in Kalletal und Berlin.\" \/>\n<meta name=\"robots\" content=\"index, follow, max-snippet:-1, max-image-preview:large, max-video-preview:-1\" \/>\n<link rel=\"canonical\" href=\"https:\/\/maricacouture.com\/en\/product\/alenya-dress\/\" \/>\n<meta property=\"og:locale\" content=\"en_US\" \/>\n<meta property=\"og:type\" content=\"article\" \/>\n<meta property=\"og:title\" content=\"Alenya Dress | Maricacouture\" \/>\n<meta property=\"og:description\" content=\"Ein sch\u00f6nes Abendkleid mit extra Handschuhe. \u00dcberzeuge dich selbst von der Qualit\u00e4t von Marica Couture in Kalletal und Berlin.\" \/>\n<meta property=\"og:url\" content=\"https:\/\/maricacouture.com\/en\/product\/alenya-dress\/\" \/>\n<meta property=\"og:site_name\" content=\"Maricacouture\" \/>\n<meta property=\"article:modified_time\" content=\"2026-01-12T14:05:28+00:00\" \/>\n<meta property=\"og:image\" content=\"https:\/\/maricacouture.com\/wp-content\/uploads\/WhatsApp-Image-2025-09-06-at-17.38.19-1.avif\" \/>\n\t<meta property=\"og:image:width\" content=\"1131\" \/>\n\t<meta property=\"og:image:height\" content=\"2003\" \/>\n\t<meta property=\"og:image:type\" content=\"image\/jpeg\" \/>\n<meta name=\"twitter:card\" content=\"summary_large_image\" \/>\n<meta name=\"twitter:label1\" content=\"Est. reading time\" \/>\n\t<meta name=\"twitter:data1\" content=\"1 minute\" \/>\n<script type=\"application\/ld+json\" class=\"yoast-schema-graph\">{\"@context\":\"https:\\\/\\\/schema.org\",\"@graph\":[{\"@type\":\"WebPage\",\"@id\":\"https:\\\/\\\/maricacouture.com\\\/produkt\\\/alenya-dress\\\/\",\"url\":\"https:\\\/\\\/maricacouture.com\\\/produkt\\\/alenya-dress\\\/\",\"name\":\"Alenya Dress | Maricacouture\",\"isPartOf\":{\"@id\":\"https:\\\/\\\/maricacouture.com\\\/#website\"},\"primaryImageOfPage\":{\"@id\":\"https:\\\/\\\/maricacouture.com\\\/produkt\\\/alenya-dress\\\/#primaryimage\"},\"image\":{\"@id\":\"https:\\\/\\\/maricacouture.com\\\/produkt\\\/alenya-dress\\\/#primaryimage\"},\"thumbnailUrl\":\"https:\\\/\\\/maricacouture.com\\\/wp-content\\\/uploads\\\/WhatsApp-Image-2025-09-06-at-17.38.19-1.avif\",\"datePublished\":\"2025-09-05T12:41:11+00:00\",\"dateModified\":\"2026-01-12T14:05:28+00:00\",\"description\":\"Ein sch\u00f6nes Abendkleid mit extra Handschuhe. \u00dcberzeuge dich selbst von der Qualit\u00e4t von Marica Couture in Kalletal und Berlin.\",\"breadcrumb\":{\"@id\":\"https:\\\/\\\/maricacouture.com\\\/produkt\\\/alenya-dress\\\/#breadcrumb\"},\"inLanguage\":\"en-US\",\"potentialAction\":[{\"@type\":\"ReadAction\",\"target\":[\"https:\\\/\\\/maricacouture.com\\\/produkt\\\/alenya-dress\\\/\"]}]},{\"@type\":\"ImageObject\",\"inLanguage\":\"en-US\",\"@id\":\"https:\\\/\\\/maricacouture.com\\\/produkt\\\/alenya-dress\\\/#primaryimage\",\"url\":\"https:\\\/\\\/maricacouture.com\\\/wp-content\\\/uploads\\\/WhatsApp-Image-2025-09-06-at-17.38.19-1.avif\",\"contentUrl\":\"https:\\\/\\\/maricacouture.com\\\/wp-content\\\/uploads\\\/WhatsApp-Image-2025-09-06-at-17.38.19-1.avif\",\"width\":1131,\"height\":2003},{\"@type\":\"BreadcrumbList\",\"@id\":\"https:\\\/\\\/maricacouture.com\\\/produkt\\\/alenya-dress\\\/#breadcrumb\",\"itemListElement\":[{\"@type\":\"ListItem\",\"position\":1,\"name\":\"Home\",\"item\":\"https:\\\/\\\/maricacouture.com\\\/\"},{\"@type\":\"ListItem\",\"position\":2,\"name\":\"Shop\",\"item\":\"https:\\\/\\\/maricacouture.com\\\/shop\\\/\"},{\"@type\":\"ListItem\",\"position\":3,\"name\":\"Alenya Dress\"}]},{\"@type\":\"WebSite\",\"@id\":\"https:\\\/\\\/maricacouture.com\\\/#website\",\"url\":\"https:\\\/\\\/maricacouture.com\\\/\",\"name\":\"MaricaCouture\",\"description\":\"Luxuri\u00f6se Abendkleider f\u00fcr besondere Momente \u2013 Exklusive Designs, makellose Eleganz..\",\"publisher\":{\"@id\":\"https:\\\/\\\/maricacouture.com\\\/#organization\"},\"potentialAction\":[{\"@type\":\"SearchAction\",\"target\":{\"@type\":\"EntryPoint\",\"urlTemplate\":\"https:\\\/\\\/maricacouture.com\\\/?s={search_term_string}\"},\"query-input\":{\"@type\":\"PropertyValueSpecification\",\"valueRequired\":true,\"valueName\":\"search_term_string\"}}],\"inLanguage\":\"en-US\"},{\"@type\":\"Organization\",\"@id\":\"https:\\\/\\\/maricacouture.com\\\/#organization\",\"name\":\"MaricaCouture\",\"url\":\"https:\\\/\\\/maricacouture.com\\\/\",\"logo\":{\"@type\":\"ImageObject\",\"inLanguage\":\"en-US\",\"@id\":\"https:\\\/\\\/maricacouture.com\\\/#\\\/schema\\\/logo\\\/image\\\/\",\"url\":\"https:\\\/\\\/maricacouture.com\\\/wp-content\\\/uploads\\\/2024\\\/02\\\/Design-ohne-Titel-1.png\",\"contentUrl\":\"https:\\\/\\\/maricacouture.com\\\/wp-content\\\/uploads\\\/2024\\\/02\\\/Design-ohne-Titel-1.png\",\"width\":500,\"height\":500,\"caption\":\"MaricaCouture\"},\"image\":{\"@id\":\"https:\\\/\\\/maricacouture.com\\\/#\\\/schema\\\/logo\\\/image\\\/\"},\"sameAs\":[\"https:\\\/\\\/www.instagram.com\\\/marica.couture\\\/\",\"https:\\\/\\\/www.tiktok.com\\\/@marica.couture?lang=de-DE\"]}]}<\/script>\n<!-- \/ Yoast SEO plugin. -->","yoast_head_json":{"title":"Alenya Dress | Maricacouture","description":"Ein sch\u00f6nes Abendkleid mit extra Handschuhe. \u00dcberzeuge dich selbst von der Qualit\u00e4t von Marica Couture in Kalletal und Berlin.","robots":{"index":"index","follow":"follow","max-snippet":"max-snippet:-1","max-image-preview":"max-image-preview:large","max-video-preview":"max-video-preview:-1"},"canonical":"https:\/\/maricacouture.com\/en\/product\/alenya-dress\/","og_locale":"en_US","og_type":"article","og_title":"Alenya Dress | Maricacouture","og_description":"Ein sch\u00f6nes Abendkleid mit extra Handschuhe. \u00dcberzeuge dich selbst von der Qualit\u00e4t von Marica Couture in Kalletal und Berlin.","og_url":"https:\/\/maricacouture.com\/en\/product\/alenya-dress\/","og_site_name":"Maricacouture","article_modified_time":"2026-01-12T14:05:28+00:00","og_image":[{"width":1131,"height":2003,"url":"https:\/\/maricacouture.com\/wp-content\/uploads\/WhatsApp-Image-2025-09-06-at-17.38.19-1.avif","type":"image\/jpeg"}],"twitter_card":"summary_large_image","twitter_misc":{"Est. reading time":"1 minute"},"schema":{"@context":"https:\/\/schema.org","@graph":[{"@type":"WebPage","@id":"https:\/\/maricacouture.com\/produkt\/alenya-dress\/","url":"https:\/\/maricacouture.com\/produkt\/alenya-dress\/","name":"Alenya Dress | Maricacouture","isPartOf":{"@id":"https:\/\/maricacouture.com\/#website"},"primaryImageOfPage":{"@id":"https:\/\/maricacouture.com\/produkt\/alenya-dress\/#primaryimage"},"image":{"@id":"https:\/\/maricacouture.com\/produkt\/alenya-dress\/#primaryimage"},"thumbnailUrl":"https:\/\/maricacouture.com\/wp-content\/uploads\/WhatsApp-Image-2025-09-06-at-17.38.19-1.avif","datePublished":"2025-09-05T12:41:11+00:00","dateModified":"2026-01-12T14:05:28+00:00","description":"Ein sch\u00f6nes Abendkleid mit extra Handschuhe. \u00dcberzeuge dich selbst von der Qualit\u00e4t von Marica Couture in Kalletal und Berlin.","breadcrumb":{"@id":"https:\/\/maricacouture.com\/produkt\/alenya-dress\/#breadcrumb"},"inLanguage":"en-US","potentialAction":[{"@type":"ReadAction","target":["https:\/\/maricacouture.com\/produkt\/alenya-dress\/"]}]},{"@type":"ImageObject","inLanguage":"en-US","@id":"https:\/\/maricacouture.com\/produkt\/alenya-dress\/#primaryimage","url":"https:\/\/maricacouture.com\/wp-content\/uploads\/WhatsApp-Image-2025-09-06-at-17.38.19-1.avif","contentUrl":"https:\/\/maricacouture.com\/wp-content\/uploads\/WhatsApp-Image-2025-09-06-at-17.38.19-1.avif","width":1131,"height":2003},{"@type":"BreadcrumbList","@id":"https:\/\/maricacouture.com\/produkt\/alenya-dress\/#breadcrumb","itemListElement":[{"@type":"ListItem","position":1,"name":"Home","item":"https:\/\/maricacouture.com\/"},{"@type":"ListItem","position":2,"name":"Shop","item":"https:\/\/maricacouture.com\/shop\/"},{"@type":"ListItem","position":3,"name":"Alenya Dress"}]},{"@type":"WebSite","@id":"https:\/\/maricacouture.com\/#website","url":"https:\/\/maricacouture.com\/","name":"MaricaCouture","description":"Luxuri\u00f6se Abendkleider f\u00fcr besondere Momente \u2013 Exklusive Designs, makellose Eleganz..","publisher":{"@id":"https:\/\/maricacouture.com\/#organization"},"potentialAction":[{"@type":"SearchAction","target":{"@type":"EntryPoint","urlTemplate":"https:\/\/maricacouture.com\/?s={search_term_string}"},"query-input":{"@type":"PropertyValueSpecification","valueRequired":true,"valueName":"search_term_string"}}],"inLanguage":"en-US"},{"@type":"Organization","@id":"https:\/\/maricacouture.com\/#organization","name":"MaricaCouture","url":"https:\/\/maricacouture.com\/","logo":{"@type":"ImageObject","inLanguage":"en-US","@id":"https:\/\/maricacouture.com\/#\/schema\/logo\/image\/","url":"https:\/\/maricacouture.com\/wp-content\/uploads\/2024\/02\/Design-ohne-Titel-1.png","contentUrl":"https:\/\/maricacouture.com\/wp-content\/uploads\/2024\/02\/Design-ohne-Titel-1.png","width":500,"height":500,"caption":"MaricaCouture"},"image":{"@id":"https:\/\/maricacouture.com\/#\/schema\/logo\/image\/"},"sameAs":["https:\/\/www.instagram.com\/marica.couture\/","https:\/\/www.tiktok.com\/@marica.couture?lang=de-DE"]}]}},"_links":{"self":[{"href":"https:\/\/maricacouture.com\/en\/wp-json\/wp\/v2\/product\/18452","targetHints":{"allow":["GET"]}}],"collection":[{"href":"https:\/\/maricacouture.com\/en\/wp-json\/wp\/v2\/product"}],"about":[{"href":"https:\/\/maricacouture.com\/en\/wp-json\/wp\/v2\/types\/product"}],"version-history":[{"count":1,"href":"https:\/\/maricacouture.com\/en\/wp-json\/wp\/v2\/product\/18452\/revisions"}],"predecessor-version":[{"id":18465,"href":"https:\/\/maricacouture.com\/en\/wp-json\/wp\/v2\/product\/18452\/revisions\/18465"}],"wp:featuredmedia":[{"embeddable":true,"href":"https:\/\/maricacouture.com\/en\/wp-json\/wp\/v2\/media\/18512"}],"wp:attachment":[{"href":"https:\/\/maricacouture.com\/en\/wp-json\/wp\/v2\/media?parent=18452"}],"wp:term":[{"taxonomy":"product_brand","embeddable":true,"href":"https:\/\/maricacouture.com\/en\/wp-json\/wp\/v2\/product_brand?post=18452"},{"taxonomy":"product_cat","embeddable":true,"href":"https:\/\/maricacouture.com\/en\/wp-json\/wp\/v2\/product_cat?post=18452"},{"taxonomy":"product_tag","embeddable":true,"href":"https:\/\/maricacouture.com\/en\/wp-json\/wp\/v2\/product_tag?post=18452"}],"curies":[{"name":"wp","href":"https:\/\/api.w.org\/{rel}","templated":true}]}}