{"id":18069,"date":"2025-04-03T17:41:28","date_gmt":"2025-04-03T15:41:28","guid":{"rendered":"https:\/\/maricacouture.com\/?post_type=product&#038;p=18069"},"modified":"2026-01-16T21:02:31","modified_gmt":"2026-01-16T20:02:31","slug":"marica-dress","status":"publish","type":"product","link":"https:\/\/maricacouture.com\/en\/product\/marica-dress\/","title":{"rendered":"Marica Dress"},"content":{"rendered":"<p>Dress with a zipper at the back, no Strings .<\/p>","protected":false},"excerpt":{"rendered":"<div class=\"product__callouts-item fs-body-75\">\n<div class=\"product__callouts-item-text rte\">\n<p>Please check the size chart<\/p>\n<p>The dress is a little big.<\/p>\n<\/div>\n<\/div>","protected":false},"featured_media":18093,"template":"","meta":[],"product_brand":[],"product_cat":[92,85],"product_tag":[],"class_list":{"0":"post-18069","1":"product","2":"type-product","3":"status-publish","4":"has-post-thumbnail","6":"product_cat-abendkleider","7":"product_cat-sale","8":"pa_farbe-blau","9":"pa_farbe-pink","11":"first","12":"instock","13":"sale","14":"purchasable","15":"product-type-variable"},"yoast_head":"<!-- This site is optimized with the Yoast SEO plugin v27.4 - https:\/\/yoast.com\/product\/yoast-seo-wordpress\/ -->\n<title>Marica Dress | Maricacouture<\/title>\n<meta name=\"robots\" content=\"index, follow, max-snippet:-1, max-image-preview:large, max-video-preview:-1\" \/>\n<link rel=\"canonical\" href=\"https:\/\/maricacouture.com\/en\/product\/marica-dress\/\" \/>\n<meta property=\"og:locale\" content=\"en_US\" \/>\n<meta property=\"og:type\" content=\"article\" \/>\n<meta property=\"og:title\" content=\"Marica Dress | Maricacouture\" \/>\n<meta property=\"og:description\" content=\"Bitte beachten Sie die Gr\u00f6\u00dfentabelle  Das Kleid f\u00e4llt ein wenig gro\u00df aus.\" \/>\n<meta property=\"og:url\" content=\"https:\/\/maricacouture.com\/en\/product\/marica-dress\/\" \/>\n<meta property=\"og:site_name\" content=\"Maricacouture\" \/>\n<meta property=\"article:modified_time\" content=\"2026-01-16T20:02:31+00:00\" \/>\n<meta property=\"og:image\" content=\"https:\/\/maricacouture.com\/wp-content\/uploads\/WhatsApp-Image-2025-04-05-at-14.31.09.avif\" \/>\n\t<meta property=\"og:image:width\" content=\"911\" \/>\n\t<meta property=\"og:image:height\" content=\"1600\" \/>\n\t<meta property=\"og:image:type\" content=\"image\/jpeg\" \/>\n<meta name=\"twitter:card\" content=\"summary_large_image\" \/>\n<meta name=\"twitter:label1\" content=\"Est. reading time\" \/>\n\t<meta name=\"twitter:data1\" content=\"1 minute\" \/>\n<script type=\"application\/ld+json\" class=\"yoast-schema-graph\">{\"@context\":\"https:\\\/\\\/schema.org\",\"@graph\":[{\"@type\":\"WebPage\",\"@id\":\"https:\\\/\\\/maricacouture.com\\\/produkt\\\/marica-dress\\\/\",\"url\":\"https:\\\/\\\/maricacouture.com\\\/produkt\\\/marica-dress\\\/\",\"name\":\"Marica Dress | Maricacouture\",\"isPartOf\":{\"@id\":\"https:\\\/\\\/maricacouture.com\\\/#website\"},\"primaryImageOfPage\":{\"@id\":\"https:\\\/\\\/maricacouture.com\\\/produkt\\\/marica-dress\\\/#primaryimage\"},\"image\":{\"@id\":\"https:\\\/\\\/maricacouture.com\\\/produkt\\\/marica-dress\\\/#primaryimage\"},\"thumbnailUrl\":\"https:\\\/\\\/maricacouture.com\\\/wp-content\\\/uploads\\\/WhatsApp-Image-2025-04-05-at-14.31.09.avif\",\"datePublished\":\"2025-04-03T15:41:28+00:00\",\"dateModified\":\"2026-01-16T20:02:31+00:00\",\"breadcrumb\":{\"@id\":\"https:\\\/\\\/maricacouture.com\\\/produkt\\\/marica-dress\\\/#breadcrumb\"},\"inLanguage\":\"en-US\",\"potentialAction\":[{\"@type\":\"ReadAction\",\"target\":[\"https:\\\/\\\/maricacouture.com\\\/produkt\\\/marica-dress\\\/\"]}]},{\"@type\":\"ImageObject\",\"inLanguage\":\"en-US\",\"@id\":\"https:\\\/\\\/maricacouture.com\\\/produkt\\\/marica-dress\\\/#primaryimage\",\"url\":\"https:\\\/\\\/maricacouture.com\\\/wp-content\\\/uploads\\\/WhatsApp-Image-2025-04-05-at-14.31.09.avif\",\"contentUrl\":\"https:\\\/\\\/maricacouture.com\\\/wp-content\\\/uploads\\\/WhatsApp-Image-2025-04-05-at-14.31.09.avif\",\"width\":911,\"height\":1600},{\"@type\":\"BreadcrumbList\",\"@id\":\"https:\\\/\\\/maricacouture.com\\\/produkt\\\/marica-dress\\\/#breadcrumb\",\"itemListElement\":[{\"@type\":\"ListItem\",\"position\":1,\"name\":\"Home\",\"item\":\"https:\\\/\\\/maricacouture.com\\\/\"},{\"@type\":\"ListItem\",\"position\":2,\"name\":\"Shop\",\"item\":\"https:\\\/\\\/maricacouture.com\\\/shop\\\/\"},{\"@type\":\"ListItem\",\"position\":3,\"name\":\"Marica Dress\"}]},{\"@type\":\"WebSite\",\"@id\":\"https:\\\/\\\/maricacouture.com\\\/#website\",\"url\":\"https:\\\/\\\/maricacouture.com\\\/\",\"name\":\"MaricaCouture\",\"description\":\"Luxuri\u00f6se Abendkleider f\u00fcr besondere Momente \u2013 Exklusive Designs, makellose Eleganz..\",\"publisher\":{\"@id\":\"https:\\\/\\\/maricacouture.com\\\/#organization\"},\"potentialAction\":[{\"@type\":\"SearchAction\",\"target\":{\"@type\":\"EntryPoint\",\"urlTemplate\":\"https:\\\/\\\/maricacouture.com\\\/?s={search_term_string}\"},\"query-input\":{\"@type\":\"PropertyValueSpecification\",\"valueRequired\":true,\"valueName\":\"search_term_string\"}}],\"inLanguage\":\"en-US\"},{\"@type\":\"Organization\",\"@id\":\"https:\\\/\\\/maricacouture.com\\\/#organization\",\"name\":\"MaricaCouture\",\"url\":\"https:\\\/\\\/maricacouture.com\\\/\",\"logo\":{\"@type\":\"ImageObject\",\"inLanguage\":\"en-US\",\"@id\":\"https:\\\/\\\/maricacouture.com\\\/#\\\/schema\\\/logo\\\/image\\\/\",\"url\":\"https:\\\/\\\/maricacouture.com\\\/wp-content\\\/uploads\\\/2024\\\/02\\\/Design-ohne-Titel-1.png\",\"contentUrl\":\"https:\\\/\\\/maricacouture.com\\\/wp-content\\\/uploads\\\/2024\\\/02\\\/Design-ohne-Titel-1.png\",\"width\":500,\"height\":500,\"caption\":\"MaricaCouture\"},\"image\":{\"@id\":\"https:\\\/\\\/maricacouture.com\\\/#\\\/schema\\\/logo\\\/image\\\/\"},\"sameAs\":[\"https:\\\/\\\/www.instagram.com\\\/marica.couture\\\/\",\"https:\\\/\\\/www.tiktok.com\\\/@marica.couture?lang=de-DE\"]}]}<\/script>\n<!-- \/ Yoast SEO plugin. -->","yoast_head_json":{"title":"Marica Dress | Maricacouture","robots":{"index":"index","follow":"follow","max-snippet":"max-snippet:-1","max-image-preview":"max-image-preview:large","max-video-preview":"max-video-preview:-1"},"canonical":"https:\/\/maricacouture.com\/en\/product\/marica-dress\/","og_locale":"en_US","og_type":"article","og_title":"Marica Dress | Maricacouture","og_description":"Bitte beachten Sie die Gr\u00f6\u00dfentabelle  Das Kleid f\u00e4llt ein wenig gro\u00df aus.","og_url":"https:\/\/maricacouture.com\/en\/product\/marica-dress\/","og_site_name":"Maricacouture","article_modified_time":"2026-01-16T20:02:31+00:00","og_image":[{"width":911,"height":1600,"url":"https:\/\/maricacouture.com\/wp-content\/uploads\/WhatsApp-Image-2025-04-05-at-14.31.09.avif","type":"image\/jpeg"}],"twitter_card":"summary_large_image","twitter_misc":{"Est. reading time":"1 minute"},"schema":{"@context":"https:\/\/schema.org","@graph":[{"@type":"WebPage","@id":"https:\/\/maricacouture.com\/produkt\/marica-dress\/","url":"https:\/\/maricacouture.com\/produkt\/marica-dress\/","name":"Marica Dress | Maricacouture","isPartOf":{"@id":"https:\/\/maricacouture.com\/#website"},"primaryImageOfPage":{"@id":"https:\/\/maricacouture.com\/produkt\/marica-dress\/#primaryimage"},"image":{"@id":"https:\/\/maricacouture.com\/produkt\/marica-dress\/#primaryimage"},"thumbnailUrl":"https:\/\/maricacouture.com\/wp-content\/uploads\/WhatsApp-Image-2025-04-05-at-14.31.09.avif","datePublished":"2025-04-03T15:41:28+00:00","dateModified":"2026-01-16T20:02:31+00:00","breadcrumb":{"@id":"https:\/\/maricacouture.com\/produkt\/marica-dress\/#breadcrumb"},"inLanguage":"en-US","potentialAction":[{"@type":"ReadAction","target":["https:\/\/maricacouture.com\/produkt\/marica-dress\/"]}]},{"@type":"ImageObject","inLanguage":"en-US","@id":"https:\/\/maricacouture.com\/produkt\/marica-dress\/#primaryimage","url":"https:\/\/maricacouture.com\/wp-content\/uploads\/WhatsApp-Image-2025-04-05-at-14.31.09.avif","contentUrl":"https:\/\/maricacouture.com\/wp-content\/uploads\/WhatsApp-Image-2025-04-05-at-14.31.09.avif","width":911,"height":1600},{"@type":"BreadcrumbList","@id":"https:\/\/maricacouture.com\/produkt\/marica-dress\/#breadcrumb","itemListElement":[{"@type":"ListItem","position":1,"name":"Home","item":"https:\/\/maricacouture.com\/"},{"@type":"ListItem","position":2,"name":"Shop","item":"https:\/\/maricacouture.com\/shop\/"},{"@type":"ListItem","position":3,"name":"Marica Dress"}]},{"@type":"WebSite","@id":"https:\/\/maricacouture.com\/#website","url":"https:\/\/maricacouture.com\/","name":"MaricaCouture","description":"Luxuri\u00f6se Abendkleider f\u00fcr besondere Momente \u2013 Exklusive Designs, makellose Eleganz..","publisher":{"@id":"https:\/\/maricacouture.com\/#organization"},"potentialAction":[{"@type":"SearchAction","target":{"@type":"EntryPoint","urlTemplate":"https:\/\/maricacouture.com\/?s={search_term_string}"},"query-input":{"@type":"PropertyValueSpecification","valueRequired":true,"valueName":"search_term_string"}}],"inLanguage":"en-US"},{"@type":"Organization","@id":"https:\/\/maricacouture.com\/#organization","name":"MaricaCouture","url":"https:\/\/maricacouture.com\/","logo":{"@type":"ImageObject","inLanguage":"en-US","@id":"https:\/\/maricacouture.com\/#\/schema\/logo\/image\/","url":"https:\/\/maricacouture.com\/wp-content\/uploads\/2024\/02\/Design-ohne-Titel-1.png","contentUrl":"https:\/\/maricacouture.com\/wp-content\/uploads\/2024\/02\/Design-ohne-Titel-1.png","width":500,"height":500,"caption":"MaricaCouture"},"image":{"@id":"https:\/\/maricacouture.com\/#\/schema\/logo\/image\/"},"sameAs":["https:\/\/www.instagram.com\/marica.couture\/","https:\/\/www.tiktok.com\/@marica.couture?lang=de-DE"]}]}},"_links":{"self":[{"href":"https:\/\/maricacouture.com\/en\/wp-json\/wp\/v2\/product\/18069","targetHints":{"allow":["GET"]}}],"collection":[{"href":"https:\/\/maricacouture.com\/en\/wp-json\/wp\/v2\/product"}],"about":[{"href":"https:\/\/maricacouture.com\/en\/wp-json\/wp\/v2\/types\/product"}],"version-history":[{"count":3,"href":"https:\/\/maricacouture.com\/en\/wp-json\/wp\/v2\/product\/18069\/revisions"}],"predecessor-version":[{"id":18094,"href":"https:\/\/maricacouture.com\/en\/wp-json\/wp\/v2\/product\/18069\/revisions\/18094"}],"wp:featuredmedia":[{"embeddable":true,"href":"https:\/\/maricacouture.com\/en\/wp-json\/wp\/v2\/media\/18093"}],"wp:attachment":[{"href":"https:\/\/maricacouture.com\/en\/wp-json\/wp\/v2\/media?parent=18069"}],"wp:term":[{"taxonomy":"product_brand","embeddable":true,"href":"https:\/\/maricacouture.com\/en\/wp-json\/wp\/v2\/product_brand?post=18069"},{"taxonomy":"product_cat","embeddable":true,"href":"https:\/\/maricacouture.com\/en\/wp-json\/wp\/v2\/product_cat?post=18069"},{"taxonomy":"product_tag","embeddable":true,"href":"https:\/\/maricacouture.com\/en\/wp-json\/wp\/v2\/product_tag?post=18069"}],"curies":[{"name":"wp","href":"https:\/\/api.w.org\/{rel}","templated":true}]}}