{"id":16308,"date":"2024-04-23T17:12:03","date_gmt":"2024-04-23T15:12:03","guid":{"rendered":"https:\/\/maricacouture.com\/?page_id=16308"},"modified":"2024-08-21T09:55:16","modified_gmt":"2024-08-21T07:55:16","slug":"versand-lieferung","status":"publish","type":"page","link":"https:\/\/maricacouture.com\/en\/versand-lieferung\/","title":{"rendered":"Versand &#038; Lieferung"},"content":{"rendered":"<div class=\"flex max-w-full flex-col flex-grow\">\r\n<div class=\"min-h-[20px] text-message flex w-full flex-col items-end gap-2 break-words [.text-message+&amp;]:mt-5 overflow-x-auto whitespace-pre-wrap\" dir=\"auto\" data-message-author-role=\"assistant\" data-message-id=\"89c912e9-fbb1-4b41-92be-32658fa90650\">\r\n<div class=\"flex w-full flex-col gap-1 empty:hidden first:pt-[3px]\">\r\n<div class=\"markdown prose w-full break-words dark:prose-invert light\">\r\n<p><strong>Shipping &amp; delivery<\/strong><\/p>\r\n<p>Unsere Produkte sind weltweit verf\u00fcgbar und k\u00f6nnen an verschiedene Ziele geliefert werden.<\/p>\r\n<p>Versandkosten (inklusive MwSt.)<\/p>\r\n<p><strong>F\u00fcr Lieferungen innerhalb Deutschlands:<\/strong><\/p>\r\n<ul>\r\n<li>Standardlieferung: Kostenloser Versand in Deutschland (Lieferzeit: 2 &#8211; 4 Werktage)<\/li>\r\n<\/ul>\r\n<p><strong>Zone 1 &#8211; EU: (Versandkosten 16,99 \u20ac)<\/strong><\/p>\r\n<ul>\r\n<li>Belgien, D\u00e4nemark, Frankreich, Luxemburg, Monaco, Niederlande, \u00d6sterreich, Polen, Tschechien (Lieferzeit 2-8 Tage)<\/li>\r\n<li>F\u00fcr internationalen Versand nach Schweden und Finnland wird zus\u00e4tzlich zur angegebenen Pauschale ein Zuschlag von 4,30 \u20ac pro Paket f\u00fcr die Hauszustellung erhoben.<\/li>\r\n<\/ul>\r\n<p><strong>Zone 1 \u2013 non EU: (Versandkosten 17,99 \u20ac)<\/strong><\/p>\r\n<ul>\r\n<li>Liechtenstein, Schweiz (Lieferzeit 2-8 Tage)<\/li>\r\n<\/ul>\r\n<p><strong>Zone 2 \u2013 EU\/non EU: (Versandkosten 17,99 \u20ac)<\/strong><\/p>\r\n<ul>\r\n<li>Andorra, Italien, San Marino, Schweden, Slowakei, Slowenien, Spanien, Ungarn, Vatikanstadt, Vereinigtes K\u00f6nigreich (Lieferzeit 2-8 Tage)<\/li>\r\n<\/ul>\r\n<p><strong>Zone 3 \u2013 EU (Versandkosten 18,99 \u20ac):<\/strong><\/p>\r\n<ul>\r\n<li>Bulgarien, Estland, Finnland, Griechenland, Irland, Kroatien, Lettland, Litauen, Malta, Portugal, Rum\u00e4nien und Zypern (Lieferzeit 2-9 Tage)<\/li>\r\n<\/ul>\r\n<p><strong>Zone 3 \u2013 non EU (Versandkosten 29,99 \u20ac):<\/strong><\/p>\r\n<ul>\r\n<li>Albanien, Bosnien und Herzegowina, F\u00e4r\u00f6er, Gr\u00f6nland, Island, Nordmazedonien, Montenegro, Norwegen, Moldawien, Serbien, Ukranie und Wei\u00dfrussland (Lieferzeit 2-9 Tage)<\/li>\r\n<\/ul>\r\n<p><strong>Zone 4 \u2013 non EU (Versandkosten 36,99 \u20ac):<\/strong><\/p>\r\n<ul>\r\n<li>Algerien, \u00c4gypten, Georgien, Israel, Libanon, Libyen, Marokko, Russland, Syrien, Tunesien und T\u00fcrkei. (Lieferzeit 2-12 Tage)<\/li>\r\n<li>F\u00fcr alle anderen L\u00e4nder berechnen wir eine Pauschale von 49,99 \u20ac.<\/li>\r\n<\/ul>\r\n<p><strong>Zone 5 \u2013 non EU (Versandkosten 53,99 \u20ac):<\/strong><\/p>\r\n<ul>\r\n<li>Afghanistan, Armenien, Aserbaidschan, Bahrain, Bangladesch, Bhutan, Brunei, China, Indien, Indonesien und 35 andere Regionen. (Lieferzeit 2-12 Tage)<\/li>\r\n<\/ul>\r\n<ul>\r\n<li>F\u00fcr alle anderen L\u00e4nder berechnen wir eine Pauschale von 69,99 \u20ac.<\/li>\r\n<\/ul>\r\n<p><strong>Lieferzeiten<\/strong><\/p>\r\n<p>Sofern nicht anders angegeben, erfolgt die Lieferung innerhalb Deutschlands in 2 \u2013 4 Werktagen und international in 2 \u2013 8 Werktagen nach Vertragsschluss. Bitte beachten Sie, dass an Sonn- und Feiertagen keine Zustellung erfolgt. Bei Bestellungen mit Artikeln unterschiedlicher Lieferzeiten versenden wir die Ware in einem gemeinsamen Paket, es sei denn, es wurden andere Vereinbarungen getroffen. In diesem Fall richtet sich die Lieferzeit nach dem Artikel mit der l\u00e4ngsten Lieferzeit.<\/p>\r\n<p><strong>Zollgeb\u00fchren<\/strong><\/p>\r\n<p>F\u00fcr Lieferungen au\u00dferhalb der EU k\u00f6nnen Zollgeb\u00fchren anfallen. Diese sind vom K\u00e4ufer zu tragen und werden beim Kauf nicht ber\u00fccksichtigt<\/p>\r\n<\/div>\r\n<\/div>\r\n<\/div>\r\n<\/div>","protected":false},"excerpt":{"rendered":"<p>Versand &amp; Lieferung Unsere Produkte sind weltweit verf\u00fcgbar und k\u00f6nnen an verschiedene Ziele geliefert werden. Versandkosten (inklusive MwSt.) F\u00fcr Lieferungen<\/p>","protected":false},"author":1,"featured_media":0,"parent":0,"menu_order":0,"comment_status":"closed","ping_status":"closed","template":"","meta":{"footnotes":""},"class_list":["post-16308","page","type-page","status-publish","hentry"],"yoast_head":"<!-- This site is optimized with the Yoast SEO plugin v27.4 - https:\/\/yoast.com\/product\/yoast-seo-wordpress\/ -->\n<title>Versand &amp; Lieferung | Maricacouture<\/title>\n<meta name=\"robots\" content=\"index, follow, max-snippet:-1, max-image-preview:large, max-video-preview:-1\" \/>\n<link rel=\"canonical\" href=\"https:\/\/maricacouture.com\/en\/versand-lieferung\/\" \/>\n<meta property=\"og:locale\" content=\"en_US\" \/>\n<meta property=\"og:type\" content=\"article\" \/>\n<meta property=\"og:title\" content=\"Versand &amp; Lieferung | Maricacouture\" \/>\n<meta property=\"og:description\" content=\"Versand &amp; Lieferung Unsere Produkte sind weltweit verf\u00fcgbar und k\u00f6nnen an verschiedene Ziele geliefert werden. Versandkosten (inklusive MwSt.) F\u00fcr Lieferungen\" \/>\n<meta property=\"og:url\" content=\"https:\/\/maricacouture.com\/en\/versand-lieferung\/\" \/>\n<meta property=\"og:site_name\" content=\"Maricacouture\" \/>\n<meta property=\"article:modified_time\" content=\"2024-08-21T07:55:16+00:00\" \/>\n<meta property=\"og:image\" content=\"https:\/\/maricacouture.com\/wp-content\/uploads\/2024\/02\/Design-ohne-Titel-1.png\" \/>\n\t<meta property=\"og:image:width\" content=\"500\" \/>\n\t<meta property=\"og:image:height\" content=\"500\" \/>\n\t<meta property=\"og:image:type\" content=\"image\/png\" \/>\n<meta name=\"twitter:card\" content=\"summary_large_image\" \/>\n<meta name=\"twitter:label1\" content=\"Est. reading time\" \/>\n\t<meta name=\"twitter:data1\" content=\"2 minutes\" \/>\n<script type=\"application\/ld+json\" class=\"yoast-schema-graph\">{\"@context\":\"https:\\\/\\\/schema.org\",\"@graph\":[{\"@type\":\"WebPage\",\"@id\":\"https:\\\/\\\/maricacouture.com\\\/versand-lieferung\\\/\",\"url\":\"https:\\\/\\\/maricacouture.com\\\/versand-lieferung\\\/\",\"name\":\"Versand & Lieferung | Maricacouture\",\"isPartOf\":{\"@id\":\"https:\\\/\\\/maricacouture.com\\\/#website\"},\"datePublished\":\"2024-04-23T15:12:03+00:00\",\"dateModified\":\"2024-08-21T07:55:16+00:00\",\"breadcrumb\":{\"@id\":\"https:\\\/\\\/maricacouture.com\\\/versand-lieferung\\\/#breadcrumb\"},\"inLanguage\":\"en-US\",\"potentialAction\":[{\"@type\":\"ReadAction\",\"target\":[\"https:\\\/\\\/maricacouture.com\\\/versand-lieferung\\\/\"]}]},{\"@type\":\"BreadcrumbList\",\"@id\":\"https:\\\/\\\/maricacouture.com\\\/versand-lieferung\\\/#breadcrumb\",\"itemListElement\":[{\"@type\":\"ListItem\",\"position\":1,\"name\":\"Home\",\"item\":\"https:\\\/\\\/maricacouture.com\\\/\"},{\"@type\":\"ListItem\",\"position\":2,\"name\":\"Versand &#038; Lieferung\"}]},{\"@type\":\"WebSite\",\"@id\":\"https:\\\/\\\/maricacouture.com\\\/#website\",\"url\":\"https:\\\/\\\/maricacouture.com\\\/\",\"name\":\"MaricaCouture\",\"description\":\"Luxuri\u00f6se Abendkleider f\u00fcr besondere Momente \u2013 Exklusive Designs, makellose Eleganz..\",\"publisher\":{\"@id\":\"https:\\\/\\\/maricacouture.com\\\/#organization\"},\"potentialAction\":[{\"@type\":\"SearchAction\",\"target\":{\"@type\":\"EntryPoint\",\"urlTemplate\":\"https:\\\/\\\/maricacouture.com\\\/?s={search_term_string}\"},\"query-input\":{\"@type\":\"PropertyValueSpecification\",\"valueRequired\":true,\"valueName\":\"search_term_string\"}}],\"inLanguage\":\"en-US\"},{\"@type\":\"Organization\",\"@id\":\"https:\\\/\\\/maricacouture.com\\\/#organization\",\"name\":\"MaricaCouture\",\"url\":\"https:\\\/\\\/maricacouture.com\\\/\",\"logo\":{\"@type\":\"ImageObject\",\"inLanguage\":\"en-US\",\"@id\":\"https:\\\/\\\/maricacouture.com\\\/#\\\/schema\\\/logo\\\/image\\\/\",\"url\":\"https:\\\/\\\/maricacouture.com\\\/wp-content\\\/uploads\\\/2024\\\/02\\\/Design-ohne-Titel-1.png\",\"contentUrl\":\"https:\\\/\\\/maricacouture.com\\\/wp-content\\\/uploads\\\/2024\\\/02\\\/Design-ohne-Titel-1.png\",\"width\":500,\"height\":500,\"caption\":\"MaricaCouture\"},\"image\":{\"@id\":\"https:\\\/\\\/maricacouture.com\\\/#\\\/schema\\\/logo\\\/image\\\/\"},\"sameAs\":[\"https:\\\/\\\/www.instagram.com\\\/marica.couture\\\/\",\"https:\\\/\\\/www.tiktok.com\\\/@marica.couture?lang=de-DE\"]}]}<\/script>\n<!-- \/ Yoast SEO plugin. -->","yoast_head_json":{"title":"Versand & Lieferung | Maricacouture","robots":{"index":"index","follow":"follow","max-snippet":"max-snippet:-1","max-image-preview":"max-image-preview:large","max-video-preview":"max-video-preview:-1"},"canonical":"https:\/\/maricacouture.com\/en\/versand-lieferung\/","og_locale":"en_US","og_type":"article","og_title":"Versand & Lieferung | Maricacouture","og_description":"Versand &amp; Lieferung Unsere Produkte sind weltweit verf\u00fcgbar und k\u00f6nnen an verschiedene Ziele geliefert werden. Versandkosten (inklusive MwSt.) F\u00fcr Lieferungen","og_url":"https:\/\/maricacouture.com\/en\/versand-lieferung\/","og_site_name":"Maricacouture","article_modified_time":"2024-08-21T07:55:16+00:00","og_image":[{"width":500,"height":500,"url":"https:\/\/maricacouture.com\/wp-content\/uploads\/2024\/02\/Design-ohne-Titel-1.png","type":"image\/png"}],"twitter_card":"summary_large_image","twitter_misc":{"Est. reading time":"2 minutes"},"schema":{"@context":"https:\/\/schema.org","@graph":[{"@type":"WebPage","@id":"https:\/\/maricacouture.com\/versand-lieferung\/","url":"https:\/\/maricacouture.com\/versand-lieferung\/","name":"Versand & Lieferung | Maricacouture","isPartOf":{"@id":"https:\/\/maricacouture.com\/#website"},"datePublished":"2024-04-23T15:12:03+00:00","dateModified":"2024-08-21T07:55:16+00:00","breadcrumb":{"@id":"https:\/\/maricacouture.com\/versand-lieferung\/#breadcrumb"},"inLanguage":"en-US","potentialAction":[{"@type":"ReadAction","target":["https:\/\/maricacouture.com\/versand-lieferung\/"]}]},{"@type":"BreadcrumbList","@id":"https:\/\/maricacouture.com\/versand-lieferung\/#breadcrumb","itemListElement":[{"@type":"ListItem","position":1,"name":"Home","item":"https:\/\/maricacouture.com\/"},{"@type":"ListItem","position":2,"name":"Versand &#038; Lieferung"}]},{"@type":"WebSite","@id":"https:\/\/maricacouture.com\/#website","url":"https:\/\/maricacouture.com\/","name":"MaricaCouture","description":"Luxuri\u00f6se Abendkleider f\u00fcr besondere Momente \u2013 Exklusive Designs, makellose Eleganz..","publisher":{"@id":"https:\/\/maricacouture.com\/#organization"},"potentialAction":[{"@type":"SearchAction","target":{"@type":"EntryPoint","urlTemplate":"https:\/\/maricacouture.com\/?s={search_term_string}"},"query-input":{"@type":"PropertyValueSpecification","valueRequired":true,"valueName":"search_term_string"}}],"inLanguage":"en-US"},{"@type":"Organization","@id":"https:\/\/maricacouture.com\/#organization","name":"MaricaCouture","url":"https:\/\/maricacouture.com\/","logo":{"@type":"ImageObject","inLanguage":"en-US","@id":"https:\/\/maricacouture.com\/#\/schema\/logo\/image\/","url":"https:\/\/maricacouture.com\/wp-content\/uploads\/2024\/02\/Design-ohne-Titel-1.png","contentUrl":"https:\/\/maricacouture.com\/wp-content\/uploads\/2024\/02\/Design-ohne-Titel-1.png","width":500,"height":500,"caption":"MaricaCouture"},"image":{"@id":"https:\/\/maricacouture.com\/#\/schema\/logo\/image\/"},"sameAs":["https:\/\/www.instagram.com\/marica.couture\/","https:\/\/www.tiktok.com\/@marica.couture?lang=de-DE"]}]}},"_links":{"self":[{"href":"https:\/\/maricacouture.com\/en\/wp-json\/wp\/v2\/pages\/16308","targetHints":{"allow":["GET"]}}],"collection":[{"href":"https:\/\/maricacouture.com\/en\/wp-json\/wp\/v2\/pages"}],"about":[{"href":"https:\/\/maricacouture.com\/en\/wp-json\/wp\/v2\/types\/page"}],"author":[{"embeddable":true,"href":"https:\/\/maricacouture.com\/en\/wp-json\/wp\/v2\/users\/1"}],"replies":[{"embeddable":true,"href":"https:\/\/maricacouture.com\/en\/wp-json\/wp\/v2\/comments?post=16308"}],"version-history":[{"count":9,"href":"https:\/\/maricacouture.com\/en\/wp-json\/wp\/v2\/pages\/16308\/revisions"}],"predecessor-version":[{"id":17242,"href":"https:\/\/maricacouture.com\/en\/wp-json\/wp\/v2\/pages\/16308\/revisions\/17242"}],"wp:attachment":[{"href":"https:\/\/maricacouture.com\/en\/wp-json\/wp\/v2\/media?parent=16308"}],"curies":[{"name":"wp","href":"https:\/\/api.w.org\/{rel}","templated":true}]}}