{"id":16305,"date":"2024-04-23T17:11:42","date_gmt":"2024-04-23T15:11:42","guid":{"rendered":"https:\/\/maricacouture.com\/?page_id=16305"},"modified":"2025-03-29T17:32:10","modified_gmt":"2025-03-29T16:32:10","slug":"widerruf-rueckgabe","status":"publish","type":"page","link":"https:\/\/maricacouture.com\/en\/widerruf-rueckgabe\/","title":{"rendered":"Cancellation \/ Return"},"content":{"rendered":"<p><strong>Widerrufs- und R\u00fcckgabebedingungen<\/strong><\/p>\r\n<p>F\u00fcr unsere gesch\u00e4tzten Kunden bieten wir die M\u00f6glichkeit, Eink\u00e4ufe gem\u00e4\u00df den folgenden Richtlinien zu stornieren. Ein Kunde ist jede Privatperson, die Waren erwirbt, ohne diese im Rahmen ihrer gewerblichen T\u00e4tigkeit zu nutzen:<\/p>\r\n<p><strong>A. Widerrufsbelehrung<\/strong><\/p>\r\n<p><strong>Widerrufsrecht<\/strong><\/p>\r\n<p>Sie haben das Recht, innerhalb von sieben Tagen nach Erhalt Ihrer Bestellung ohne Angabe von Gr\u00fcnden vom Kauf zur\u00fcckzutreten.<\/p>\r\n<p>Die Frist beginnt an dem Tag, an dem Sie oder ein von Ihnen benannter Dritter die letzte Ware in Besitz genommen haben.<\/p>\r\n<p>Bitte beachten Sie, dass wir R\u00fccksendungen nicht akzeptieren k\u00f6nnen, wenn die Artikel gewaschen, getragen oder die Etiketten entfernt wurden.<\/p>\r\n<p>Bitte beachten Sie, dass auf Kundenwunsch individuell angepassten oder ge\u00e4nderten Artikeln ein Widerrufsrecht ausgeschlossen ist und keine R\u00fcckerstattung oder R\u00fcckgabe erfolgt.<\/p>\r\n<p><strong>Aus\u00fcbung des Widerrufsrechts<\/strong><\/p>\r\n<p>Um Ihr Widerrufsrecht auszu\u00fcben, informieren Sie uns bitte schriftlich \u00fcber Ihre Entscheidung, den Kauf zu stornieren. Sie k\u00f6nnen das beigef\u00fcgte Muster-Widerrufsformular verwenden, dies ist jedoch nicht verpflichtend.<\/p>\r\n<p>Die Frist f\u00fcr die Aus\u00fcbung des Widerrufsrechts ist gewahrt, wenn Sie Ihre Mitteilung vor Ablauf der Frist absenden.<\/p>\r\n<p><strong>Folgen des Widerrufs\/R\u00fccksendungen<\/strong><\/p>\r\n<p>Im Falle eines Widerrufs erstatten wir Ihnen alle Zahlungen innerhalb von vierzehn Tagen nach Erhalt Ihrer Widerrufserkl\u00e4rung, abz\u00fcglich der Liefer- und R\u00fccksendekosten. R\u00fcckerstattungen erfolgen entweder durch Gutscheine oder Umtausch von Waren.<\/p>\r\n<p>Sie als K\u00e4ufer tragen die direkten Kosten der R\u00fccksendung der Waren.<\/p>\r\n<p>Sie haften nur f\u00fcr einen etwaigen Wertverlust der Waren, der auf einen Umgang zur\u00fcckzuf\u00fchren ist, der \u00fcber das zur Feststellung der Beschaffenheit, Eigenschaften und Funktionsweise der Waren notwendige Ma\u00df hinausgeht.<\/p>\r\n<p><strong>Ausschluss oder vorzeitiges Erl\u00f6schen des Widerrufsrechts\/R\u00fccksendungen<\/strong><\/p>\r\n<p>Das Widerrufsrecht\/R\u00fccksendungen erlischt vorzeitig bei versiegelten Waren, die aus Gr\u00fcnden des Gesundheitsschutzes oder der Hygiene nicht zur R\u00fcckgabe geeignet sind, wenn ihre Versiegelung nach der Lieferung entfernt wurde.<\/p>\r\n<p><strong>Aktionsgutscheine und Rabattcoupons<\/strong><\/p>\r\n<p>F\u00fcr die R\u00fcckgabe von Artikeln, die mit Aktionsgutscheinen oder Rabattcodes gekauft wurden, gelten besondere R\u00fcckerstattungsbedingungen.<\/p>\r\n<p><strong>Allgemeine Hinweise<\/strong><\/p>\r\n<p>Bitte senden Sie die Waren in der Originalverpackung mit s\u00e4mtlichem Zubeh\u00f6r und allen Verpackungsbestandteilen zur\u00fcck, um Sch\u00e4den zu vermeiden.<\/p>\r\n<p>Wir empfehlen, die Waren per versichertem Versand zu schicken.<\/p>","protected":false},"excerpt":{"rendered":"<p>Widerrufs- und R\u00fcckgabebedingungen F\u00fcr unsere gesch\u00e4tzten Kunden bieten wir die M\u00f6glichkeit, Eink\u00e4ufe gem\u00e4\u00df den folgenden Richtlinien zu stornieren. Ein Kunde<\/p>","protected":false},"author":1,"featured_media":0,"parent":0,"menu_order":0,"comment_status":"closed","ping_status":"closed","template":"","meta":{"footnotes":""},"class_list":["post-16305","page","type-page","status-publish","hentry"],"yoast_head":"<!-- This site is optimized with the Yoast SEO plugin v27.4 - https:\/\/yoast.com\/product\/yoast-seo-wordpress\/ -->\n<title>Widerruf \/ R\u00fcckgabe | Maricacouture<\/title>\n<meta name=\"robots\" content=\"index, follow, max-snippet:-1, max-image-preview:large, max-video-preview:-1\" \/>\n<link rel=\"canonical\" href=\"https:\/\/maricacouture.com\/en\/widerruf-rueckgabe\/\" \/>\n<meta property=\"og:locale\" content=\"en_US\" \/>\n<meta property=\"og:type\" content=\"article\" \/>\n<meta property=\"og:title\" content=\"Widerruf \/ R\u00fcckgabe | Maricacouture\" \/>\n<meta property=\"og:description\" content=\"Widerrufs- und R\u00fcckgabebedingungen F\u00fcr unsere gesch\u00e4tzten Kunden bieten wir die M\u00f6glichkeit, Eink\u00e4ufe gem\u00e4\u00df den folgenden Richtlinien zu stornieren. Ein Kunde\" \/>\n<meta property=\"og:url\" content=\"https:\/\/maricacouture.com\/en\/widerruf-rueckgabe\/\" \/>\n<meta property=\"og:site_name\" content=\"Maricacouture\" \/>\n<meta property=\"article:modified_time\" content=\"2025-03-29T16:32:10+00:00\" \/>\n<meta property=\"og:image\" content=\"https:\/\/maricacouture.com\/wp-content\/uploads\/2024\/02\/Design-ohne-Titel-1.png\" \/>\n\t<meta property=\"og:image:width\" content=\"500\" \/>\n\t<meta property=\"og:image:height\" content=\"500\" \/>\n\t<meta property=\"og:image:type\" content=\"image\/png\" \/>\n<meta name=\"twitter:card\" content=\"summary_large_image\" \/>\n<meta name=\"twitter:label1\" content=\"Est. reading time\" \/>\n\t<meta name=\"twitter:data1\" content=\"2 minutes\" \/>\n<script type=\"application\/ld+json\" class=\"yoast-schema-graph\">{\"@context\":\"https:\\\/\\\/schema.org\",\"@graph\":[{\"@type\":\"WebPage\",\"@id\":\"https:\\\/\\\/maricacouture.com\\\/widerruf-rueckgabe\\\/\",\"url\":\"https:\\\/\\\/maricacouture.com\\\/widerruf-rueckgabe\\\/\",\"name\":\"Widerruf \\\/ R\u00fcckgabe | Maricacouture\",\"isPartOf\":{\"@id\":\"https:\\\/\\\/maricacouture.com\\\/#website\"},\"datePublished\":\"2024-04-23T15:11:42+00:00\",\"dateModified\":\"2025-03-29T16:32:10+00:00\",\"breadcrumb\":{\"@id\":\"https:\\\/\\\/maricacouture.com\\\/widerruf-rueckgabe\\\/#breadcrumb\"},\"inLanguage\":\"en-US\",\"potentialAction\":[{\"@type\":\"ReadAction\",\"target\":[\"https:\\\/\\\/maricacouture.com\\\/widerruf-rueckgabe\\\/\"]}]},{\"@type\":\"BreadcrumbList\",\"@id\":\"https:\\\/\\\/maricacouture.com\\\/widerruf-rueckgabe\\\/#breadcrumb\",\"itemListElement\":[{\"@type\":\"ListItem\",\"position\":1,\"name\":\"Home\",\"item\":\"https:\\\/\\\/maricacouture.com\\\/\"},{\"@type\":\"ListItem\",\"position\":2,\"name\":\"Widerruf \\\/ R\u00fcckgabe\"}]},{\"@type\":\"WebSite\",\"@id\":\"https:\\\/\\\/maricacouture.com\\\/#website\",\"url\":\"https:\\\/\\\/maricacouture.com\\\/\",\"name\":\"MaricaCouture\",\"description\":\"Luxuri\u00f6se Abendkleider f\u00fcr besondere Momente \u2013 Exklusive Designs, makellose Eleganz..\",\"publisher\":{\"@id\":\"https:\\\/\\\/maricacouture.com\\\/#organization\"},\"potentialAction\":[{\"@type\":\"SearchAction\",\"target\":{\"@type\":\"EntryPoint\",\"urlTemplate\":\"https:\\\/\\\/maricacouture.com\\\/?s={search_term_string}\"},\"query-input\":{\"@type\":\"PropertyValueSpecification\",\"valueRequired\":true,\"valueName\":\"search_term_string\"}}],\"inLanguage\":\"en-US\"},{\"@type\":\"Organization\",\"@id\":\"https:\\\/\\\/maricacouture.com\\\/#organization\",\"name\":\"MaricaCouture\",\"url\":\"https:\\\/\\\/maricacouture.com\\\/\",\"logo\":{\"@type\":\"ImageObject\",\"inLanguage\":\"en-US\",\"@id\":\"https:\\\/\\\/maricacouture.com\\\/#\\\/schema\\\/logo\\\/image\\\/\",\"url\":\"https:\\\/\\\/maricacouture.com\\\/wp-content\\\/uploads\\\/2024\\\/02\\\/Design-ohne-Titel-1.png\",\"contentUrl\":\"https:\\\/\\\/maricacouture.com\\\/wp-content\\\/uploads\\\/2024\\\/02\\\/Design-ohne-Titel-1.png\",\"width\":500,\"height\":500,\"caption\":\"MaricaCouture\"},\"image\":{\"@id\":\"https:\\\/\\\/maricacouture.com\\\/#\\\/schema\\\/logo\\\/image\\\/\"},\"sameAs\":[\"https:\\\/\\\/www.instagram.com\\\/marica.couture\\\/\",\"https:\\\/\\\/www.tiktok.com\\\/@marica.couture?lang=de-DE\"]}]}<\/script>\n<!-- \/ Yoast SEO plugin. -->","yoast_head_json":{"title":"Widerruf \/ R\u00fcckgabe | Maricacouture","robots":{"index":"index","follow":"follow","max-snippet":"max-snippet:-1","max-image-preview":"max-image-preview:large","max-video-preview":"max-video-preview:-1"},"canonical":"https:\/\/maricacouture.com\/en\/widerruf-rueckgabe\/","og_locale":"en_US","og_type":"article","og_title":"Widerruf \/ R\u00fcckgabe | Maricacouture","og_description":"Widerrufs- und R\u00fcckgabebedingungen F\u00fcr unsere gesch\u00e4tzten Kunden bieten wir die M\u00f6glichkeit, Eink\u00e4ufe gem\u00e4\u00df den folgenden Richtlinien zu stornieren. Ein Kunde","og_url":"https:\/\/maricacouture.com\/en\/widerruf-rueckgabe\/","og_site_name":"Maricacouture","article_modified_time":"2025-03-29T16:32:10+00:00","og_image":[{"width":500,"height":500,"url":"https:\/\/maricacouture.com\/wp-content\/uploads\/2024\/02\/Design-ohne-Titel-1.png","type":"image\/png"}],"twitter_card":"summary_large_image","twitter_misc":{"Est. reading time":"2 minutes"},"schema":{"@context":"https:\/\/schema.org","@graph":[{"@type":"WebPage","@id":"https:\/\/maricacouture.com\/widerruf-rueckgabe\/","url":"https:\/\/maricacouture.com\/widerruf-rueckgabe\/","name":"Widerruf \/ R\u00fcckgabe | Maricacouture","isPartOf":{"@id":"https:\/\/maricacouture.com\/#website"},"datePublished":"2024-04-23T15:11:42+00:00","dateModified":"2025-03-29T16:32:10+00:00","breadcrumb":{"@id":"https:\/\/maricacouture.com\/widerruf-rueckgabe\/#breadcrumb"},"inLanguage":"en-US","potentialAction":[{"@type":"ReadAction","target":["https:\/\/maricacouture.com\/widerruf-rueckgabe\/"]}]},{"@type":"BreadcrumbList","@id":"https:\/\/maricacouture.com\/widerruf-rueckgabe\/#breadcrumb","itemListElement":[{"@type":"ListItem","position":1,"name":"Home","item":"https:\/\/maricacouture.com\/"},{"@type":"ListItem","position":2,"name":"Widerruf \/ R\u00fcckgabe"}]},{"@type":"WebSite","@id":"https:\/\/maricacouture.com\/#website","url":"https:\/\/maricacouture.com\/","name":"MaricaCouture","description":"Luxuri\u00f6se Abendkleider f\u00fcr besondere Momente \u2013 Exklusive Designs, makellose Eleganz..","publisher":{"@id":"https:\/\/maricacouture.com\/#organization"},"potentialAction":[{"@type":"SearchAction","target":{"@type":"EntryPoint","urlTemplate":"https:\/\/maricacouture.com\/?s={search_term_string}"},"query-input":{"@type":"PropertyValueSpecification","valueRequired":true,"valueName":"search_term_string"}}],"inLanguage":"en-US"},{"@type":"Organization","@id":"https:\/\/maricacouture.com\/#organization","name":"MaricaCouture","url":"https:\/\/maricacouture.com\/","logo":{"@type":"ImageObject","inLanguage":"en-US","@id":"https:\/\/maricacouture.com\/#\/schema\/logo\/image\/","url":"https:\/\/maricacouture.com\/wp-content\/uploads\/2024\/02\/Design-ohne-Titel-1.png","contentUrl":"https:\/\/maricacouture.com\/wp-content\/uploads\/2024\/02\/Design-ohne-Titel-1.png","width":500,"height":500,"caption":"MaricaCouture"},"image":{"@id":"https:\/\/maricacouture.com\/#\/schema\/logo\/image\/"},"sameAs":["https:\/\/www.instagram.com\/marica.couture\/","https:\/\/www.tiktok.com\/@marica.couture?lang=de-DE"]}]}},"_links":{"self":[{"href":"https:\/\/maricacouture.com\/en\/wp-json\/wp\/v2\/pages\/16305","targetHints":{"allow":["GET"]}}],"collection":[{"href":"https:\/\/maricacouture.com\/en\/wp-json\/wp\/v2\/pages"}],"about":[{"href":"https:\/\/maricacouture.com\/en\/wp-json\/wp\/v2\/types\/page"}],"author":[{"embeddable":true,"href":"https:\/\/maricacouture.com\/en\/wp-json\/wp\/v2\/users\/1"}],"replies":[{"embeddable":true,"href":"https:\/\/maricacouture.com\/en\/wp-json\/wp\/v2\/comments?post=16305"}],"version-history":[{"count":7,"href":"https:\/\/maricacouture.com\/en\/wp-json\/wp\/v2\/pages\/16305\/revisions"}],"predecessor-version":[{"id":18065,"href":"https:\/\/maricacouture.com\/en\/wp-json\/wp\/v2\/pages\/16305\/revisions\/18065"}],"wp:attachment":[{"href":"https:\/\/maricacouture.com\/en\/wp-json\/wp\/v2\/media?parent=16305"}],"curies":[{"name":"wp","href":"https:\/\/api.w.org\/{rel}","templated":true}]}}